{"id":566,"date":"2026-01-10T01:43:45","date_gmt":"2026-01-10T00:43:45","guid":{"rendered":"https:\/\/www.associationfvt-esports.com\/?page_id=566"},"modified":"2026-01-12T20:46:16","modified_gmt":"2026-01-12T19:46:16","slug":"boutique","status":"publish","type":"page","link":"https:\/\/www.associationfvt-esports.com\/en\/boutique\/","title":{"rendered":"Boutique"},"content":{"rendered":"<p>D\u00e9couvrez les produits \u00e0 notre effigie gr\u00e2ce \u00e0 notre partenaire <a href=\"https:\/\/eliminate.fr\/categorie-produit\/for-victory-team\/\">LMN8<\/a><\/p>\n\n\n\n<div style=\"height:100px\" aria-hidden=\"true\" class=\"wp-block-spacer\"><\/div>\n\n\n\n<div class=\"wp-block-columns is-layout-flex wp-container-core-columns-is-layout-9d6595d7 wp-block-columns-is-layout-flex\">\n<div class=\"wp-block-column is-layout-flow wp-block-column-is-layout-flow\"><div class=\"wp-block-image\">\n<figure class=\"aligncenter size-full is-resized\"><a href=\"https:\/\/eliminate.fr\/produit\/for-victory-team-jersey-2026\/\"><img loading=\"lazy\" decoding=\"async\" width=\"585\" height=\"719\" src=\"https:\/\/www.associationfvt-esports.com\/wp-content\/uploads\/2026\/01\/Maillot_ORIGIN_MODELISATION_3D4.png\" alt=\"\" class=\"wp-image-567\" style=\"aspect-ratio:0.8136321971794773;width:372px;height:auto\" srcset=\"https:\/\/www.associationfvt-esports.com\/wp-content\/uploads\/2026\/01\/Maillot_ORIGIN_MODELISATION_3D4.png 585w, https:\/\/www.associationfvt-esports.com\/wp-content\/uploads\/2026\/01\/Maillot_ORIGIN_MODELISATION_3D4-244x300.png 244w, https:\/\/www.associationfvt-esports.com\/wp-content\/uploads\/2026\/01\/Maillot_ORIGIN_MODELISATION_3D4-10x12.png 10w, https:\/\/www.associationfvt-esports.com\/wp-content\/uploads\/2026\/01\/Maillot_ORIGIN_MODELISATION_3D4-500x615.png 500w\" sizes=\"auto, (max-width: 585px) 100vw, 585px\" \/><\/a><\/figure>\n<\/div>\n\n\n<blockquote class=\"wp-block-quote is-layout-flow wp-block-quote-is-layout-flow\">\n<p class=\"has-text-align-center\">MAILLOT SAISON 2026 <strong>34.90\u20ac<\/strong><\/p>\n<\/blockquote>\n<\/div>\n\n\n\n<div class=\"wp-block-column is-layout-flow wp-block-column-is-layout-flow\">\n<div style=\"height:69px\" aria-hidden=\"true\" class=\"wp-block-spacer\"><\/div>\n\n\n<div class=\"wp-block-image\">\n<figure class=\"aligncenter size-full\"><a href=\"https:\/\/eliminate.fr\/produit\/for-victory-team-manchette\/\"><img loading=\"lazy\" decoding=\"async\" width=\"502\" height=\"381\" src=\"https:\/\/www.associationfvt-esports.com\/wp-content\/uploads\/2026\/01\/Capture_decran_2025-12-31_024023.png\" alt=\"\" class=\"wp-image-568\" style=\"aspect-ratio:1.317606824257485\" srcset=\"https:\/\/www.associationfvt-esports.com\/wp-content\/uploads\/2026\/01\/Capture_decran_2025-12-31_024023.png 502w, https:\/\/www.associationfvt-esports.com\/wp-content\/uploads\/2026\/01\/Capture_decran_2025-12-31_024023-300x228.png 300w, https:\/\/www.associationfvt-esports.com\/wp-content\/uploads\/2026\/01\/Capture_decran_2025-12-31_024023-16x12.png 16w, https:\/\/www.associationfvt-esports.com\/wp-content\/uploads\/2026\/01\/Capture_decran_2025-12-31_024023-500x379.png 500w\" sizes=\"auto, (max-width: 502px) 100vw, 502px\" \/><\/a><\/figure>\n<\/div>\n\n\n<blockquote class=\"wp-block-quote is-layout-flow wp-block-quote-is-layout-flow\">\n<p class=\"has-text-align-center\">MANCHETTES 2026 <strong>19.90 \/ 29.90\u20ac<\/strong><\/p>\n<\/blockquote>\n<\/div>\n<\/div>\n\n\n\n<div class=\"wp-block-columns boutique-bloc is-layout-flex wp-container-core-columns-is-layout-9d6595d7 wp-block-columns-is-layout-flex\">\n<div class=\"wp-block-column is-layout-flow wp-block-column-is-layout-flow\" style=\"flex-basis:25%\"><div class=\"wp-block-image\">\n<figure class=\"aligncenter size-full is-resized\"><a href=\"https:\/\/eliminate.fr\/produit\/for-victory-team-mug\/\"><img loading=\"lazy\" decoding=\"async\" width=\"154\" height=\"213\" src=\"https:\/\/www.associationfvt-esports.com\/wp-content\/uploads\/2026\/01\/mug-XL-victory-300x400-1.png\" alt=\"\" class=\"wp-image-586\" style=\"width:154px;height:auto\" srcset=\"https:\/\/www.associationfvt-esports.com\/wp-content\/uploads\/2026\/01\/mug-XL-victory-300x400-1.png 154w, https:\/\/www.associationfvt-esports.com\/wp-content\/uploads\/2026\/01\/mug-XL-victory-300x400-1-9x12.png 9w\" sizes=\"auto, (max-width: 154px) 100vw, 154px\" \/><\/a><\/figure>\n<\/div>\n\n\n<div style=\"height:64px\" aria-hidden=\"true\" class=\"wp-block-spacer\"><\/div>\n\n\n\n<blockquote class=\"wp-block-quote is-layout-flow wp-block-quote-is-layout-flow\">\n<p class=\"has-text-align-center\">MUG FVT <strong>13,90&nbsp;\u20ac<\/strong><\/p>\n<\/blockquote>\n<\/div>\n\n\n\n<div class=\"wp-block-column is-layout-flow wp-block-column-is-layout-flow\" style=\"flex-basis:50%\"><div class=\"wp-block-image\">\n<figure class=\"aligncenter size-large\"><a href=\"https:\/\/eliminate.fr\/produit\/for-victory-team-tapis-de-souris-xl\/\"><img loading=\"lazy\" decoding=\"async\" width=\"1024\" height=\"536\" src=\"https:\/\/www.associationfvt-esports.com\/wp-content\/uploads\/2026\/01\/Tapis-de-souris-XL-victory-scaled-2-1024x536.png\" alt=\"\" class=\"wp-image-587\" srcset=\"https:\/\/www.associationfvt-esports.com\/wp-content\/uploads\/2026\/01\/Tapis-de-souris-XL-victory-scaled-2-1024x536.png 1024w, https:\/\/www.associationfvt-esports.com\/wp-content\/uploads\/2026\/01\/Tapis-de-souris-XL-victory-scaled-2-300x157.png 300w, https:\/\/www.associationfvt-esports.com\/wp-content\/uploads\/2026\/01\/Tapis-de-souris-XL-victory-scaled-2-768x402.png 768w, https:\/\/www.associationfvt-esports.com\/wp-content\/uploads\/2026\/01\/Tapis-de-souris-XL-victory-scaled-2-1536x805.png 1536w, https:\/\/www.associationfvt-esports.com\/wp-content\/uploads\/2026\/01\/Tapis-de-souris-XL-victory-scaled-2-18x9.png 18w, https:\/\/www.associationfvt-esports.com\/wp-content\/uploads\/2026\/01\/Tapis-de-souris-XL-victory-scaled-2-500x262.png 500w, https:\/\/www.associationfvt-esports.com\/wp-content\/uploads\/2026\/01\/Tapis-de-souris-XL-victory-scaled-2-1440x754.png 1440w, https:\/\/www.associationfvt-esports.com\/wp-content\/uploads\/2026\/01\/Tapis-de-souris-XL-victory-scaled-2-800x419.png 800w, https:\/\/www.associationfvt-esports.com\/wp-content\/uploads\/2026\/01\/Tapis-de-souris-XL-victory-scaled-2-1280x670.png 1280w, https:\/\/www.associationfvt-esports.com\/wp-content\/uploads\/2026\/01\/Tapis-de-souris-XL-victory-scaled-2.png 1911w\" sizes=\"auto, (max-width: 1024px) 100vw, 1024px\" \/><\/a><\/figure>\n<\/div>\n\n\n<div style=\"height:50px\" aria-hidden=\"true\" class=\"wp-block-spacer\"><\/div>\n\n\n\n<blockquote class=\"wp-block-quote is-layout-flow wp-block-quote-is-layout-flow\">\n<p class=\"has-text-align-center\">TAPIS DE SOURIS XL<strong> 35.90\u20ac<\/strong><\/p>\n<\/blockquote>\n<\/div>\n\n\n\n<div class=\"wp-block-column is-layout-flow wp-block-column-is-layout-flow\" style=\"flex-basis:25%\">\n<figure class=\"wp-block-image size-full\"><a href=\"https:\/\/eliminate.fr\/produit\/for-victory-team-sac-a-dos\/\"><img loading=\"lazy\" decoding=\"async\" width=\"300\" height=\"400\" src=\"https:\/\/www.associationfvt-esports.com\/wp-content\/uploads\/2026\/01\/Sac-a-dos-fvt-300x400-1.png\" alt=\"\" class=\"wp-image-588\" style=\"aspect-ratio:0.7500311681835182\" srcset=\"https:\/\/www.associationfvt-esports.com\/wp-content\/uploads\/2026\/01\/Sac-a-dos-fvt-300x400-1.png 300w, https:\/\/www.associationfvt-esports.com\/wp-content\/uploads\/2026\/01\/Sac-a-dos-fvt-300x400-1-225x300.png 225w, https:\/\/www.associationfvt-esports.com\/wp-content\/uploads\/2026\/01\/Sac-a-dos-fvt-300x400-1-9x12.png 9w\" sizes=\"auto, (max-width: 300px) 100vw, 300px\" \/><\/a><\/figure>\n\n\n\n<blockquote class=\"wp-block-quote is-layout-flow wp-block-quote-is-layout-flow\">\n<p class=\"has-text-align-center\">SAC \u00c0 DOS <strong>49.90\u20ac<\/strong><\/p>\n<\/blockquote>\n<\/div>\n<\/div>","protected":false},"excerpt":{"rendered":"<p>D\u00e9couvrez les produits \u00e0 notre effigie gr\u00e2ce \u00e0 notre partenaire LMN8 MAILLOT SAISON 2026 34.90\u20ac MANCHETTES 2026 19.90 \/ 29.90\u20ac MUG FVT 13,90&nbsp;\u20ac TAPIS DE SOURIS XL 35.90\u20ac SAC \u00c0 DOS 49.90\u20ac<\/p>","protected":false},"author":1,"featured_media":0,"parent":0,"menu_order":0,"comment_status":"closed","ping_status":"closed","template":"","meta":{"footnotes":""},"class_list":["post-566","page","type-page","status-publish","hentry"],"_links":{"self":[{"href":"https:\/\/www.associationfvt-esports.com\/en\/wp-json\/wp\/v2\/pages\/566","targetHints":{"allow":["GET"]}}],"collection":[{"href":"https:\/\/www.associationfvt-esports.com\/en\/wp-json\/wp\/v2\/pages"}],"about":[{"href":"https:\/\/www.associationfvt-esports.com\/en\/wp-json\/wp\/v2\/types\/page"}],"author":[{"embeddable":true,"href":"https:\/\/www.associationfvt-esports.com\/en\/wp-json\/wp\/v2\/users\/1"}],"replies":[{"embeddable":true,"href":"https:\/\/www.associationfvt-esports.com\/en\/wp-json\/wp\/v2\/comments?post=566"}],"version-history":[{"count":36,"href":"https:\/\/www.associationfvt-esports.com\/en\/wp-json\/wp\/v2\/pages\/566\/revisions"}],"predecessor-version":[{"id":1204,"href":"https:\/\/www.associationfvt-esports.com\/en\/wp-json\/wp\/v2\/pages\/566\/revisions\/1204"}],"wp:attachment":[{"href":"https:\/\/www.associationfvt-esports.com\/en\/wp-json\/wp\/v2\/media?parent=566"}],"curies":[{"name":"wp","href":"https:\/\/api.w.org\/{rel}","templated":true}]}}