{"id":287,"date":"2025-12-22T20:03:34","date_gmt":"2025-12-22T19:03:34","guid":{"rendered":"http:\/\/localhost:8000\/?page_id=287"},"modified":"2025-12-22T20:03:36","modified_gmt":"2025-12-22T19:03:36","slug":"mentions-legales","status":"publish","type":"page","link":"https:\/\/www.associationfvt-esports.com\/en\/mentions-legales\/","title":{"rendered":"Mentions l\u00e9gales"},"content":{"rendered":"<p>1. <strong>Informations g\u00e9n\u00e9rales<\/strong><\/p>\n\n\n\n<p>Nom de l\u2019association : For Victory Team Esports<\/p>\n\n\n\n<p>Adresse : 21 rue des Marnays, 71130 Gueugnon, France<\/p>\n\n\n\n<p>Statut juridique : Association loi 1901 (sans num\u00e9ro SIREN\/SIRET)<\/p>\n\n\n\n<p>Responsable de la publication : Fuente Yvan<\/p>\n\n\n\n<p>Contact : fvtforvictory@gmail.com<\/p>\n\n\n\n<p>2. <strong>H\u00e9bergeur<\/strong><\/p>\n\n\n\n<p>Nom de l\u2019h\u00e9bergeur : OVH<\/p>\n\n\n\n<p>Adresse : OVH SAS, 2 rue Kellermann, 59100 Roubaix, France<\/p>\n\n\n\n<p>Site web : <a href=\"https:\/\/www.ovhcloud.com\/fr\" target=\"_blank\" rel=\"noreferrer noopener\">https:\/\/www.ovhcloud.com\/fr<\/a><\/p>\n\n\n\n<p>3. <strong>Propri\u00e9t\u00e9 intellectuelle<\/strong><\/p>\n\n\n\n<p>L\u2019ensemble des contenus pr\u00e9sents sur le site (textes, images, logos, graphismes, vid\u00e9os\u2026) sont la propri\u00e9t\u00e9 de l\u2019association For Victory Team Esports, sauf mention contraire.<\/p>\n\n\n\n<p>Certaines illustrations ou \u00e9l\u00e9ments graphiques utilis\u00e9s sur le site proviennent de Canva et sont utilis\u00e9s conform\u00e9ment \u00e0 leurs conditions d\u2019utilisation.<\/p>\n\n\n\n<p>Toute reproduction, distribution, modification ou utilisation, totale ou partielle, sans autorisation pr\u00e9alable, est interdite.<\/p>\n\n\n\n<p>4. <strong>Donn\u00e9es personnelles (RGPD)<\/strong><\/p>\n\n\n\n<p>L\u2019association For Victory Team Esports s\u2019engage \u00e0 ce que la collecte et le traitement des donn\u00e9es effectu\u00e9s via ce site soient conformes au R\u00e8glement G\u00e9n\u00e9ral sur la Protection des Donn\u00e9es (RGPD) et \u00e0 la loi<br>Informatique et Libert\u00e9s.<\/p>\n\n\n\n<p>Les donn\u00e9es collect\u00e9es (ex. : via un formulaire de contact) sont utilis\u00e9es uniquement pour r\u00e9pondre aux demandes des utilisateurs et ne sont jamais transmises \u00e0 des tiers sans accord pr\u00e9alable.<\/p>\n\n\n\n<p>Vous disposez d\u2019un droit d\u2019acc\u00e8s, de rectification, de suppression et d\u2019opposition concernant vos donn\u00e9es.<\/p>\n\n\n\n<p>Pour exercer ces droits : fvtforvictory@gmail.com<\/p>\n\n\n\n<p>5. <strong>Cookies<\/strong><\/p>\n\n\n\n<p>Le site peut utiliser des cookies pour am\u00e9liorer l\u2019exp\u00e9rience utilisateur et r\u00e9aliser des statistiques de visite.<\/p>\n\n\n\n<p>Vous pouvez configurer votre navigateur pour refuser ou supprimer les cookies.<\/p>\n\n\n\n<p>6.<strong> Limitation de responsabilit\u00e9<\/strong><\/p>\n\n\n\n<p>L\u2019association For Victory Team Esports ne saurait \u00eatre tenue responsable en cas de dysfonctionnement du site, d\u2019erreurs ou d\u2019omissions dans les contenus, ou de dommages r\u00e9sultant de l\u2019utilisation du site.<\/p>","protected":false},"excerpt":{"rendered":"<p>1. Informations g\u00e9n\u00e9rales Nom de l\u2019association : For Victory Team Esports Adresse : 21 rue des Marnays, 71130 Gueugnon, France Statut juridique : Association loi 1901 (sans num\u00e9ro SIREN\/SIRET) Responsable de la publication : Fuente Yvan Contact : fvtforvictory@gmail.com 2. H\u00e9bergeur Nom de l\u2019h\u00e9bergeur : OVH Adresse : OVH SAS, 2 rue Kellermann, 59100 Roubaix, [&hellip;]<\/p>","protected":false},"author":1,"featured_media":0,"parent":0,"menu_order":0,"comment_status":"closed","ping_status":"closed","template":"","meta":{"footnotes":""},"class_list":["post-287","page","type-page","status-publish","hentry"],"_links":{"self":[{"href":"https:\/\/www.associationfvt-esports.com\/en\/wp-json\/wp\/v2\/pages\/287","targetHints":{"allow":["GET"]}}],"collection":[{"href":"https:\/\/www.associationfvt-esports.com\/en\/wp-json\/wp\/v2\/pages"}],"about":[{"href":"https:\/\/www.associationfvt-esports.com\/en\/wp-json\/wp\/v2\/types\/page"}],"author":[{"embeddable":true,"href":"https:\/\/www.associationfvt-esports.com\/en\/wp-json\/wp\/v2\/users\/1"}],"replies":[{"embeddable":true,"href":"https:\/\/www.associationfvt-esports.com\/en\/wp-json\/wp\/v2\/comments?post=287"}],"version-history":[{"count":1,"href":"https:\/\/www.associationfvt-esports.com\/en\/wp-json\/wp\/v2\/pages\/287\/revisions"}],"predecessor-version":[{"id":288,"href":"https:\/\/www.associationfvt-esports.com\/en\/wp-json\/wp\/v2\/pages\/287\/revisions\/288"}],"wp:attachment":[{"href":"https:\/\/www.associationfvt-esports.com\/en\/wp-json\/wp\/v2\/media?parent=287"}],"curies":[{"name":"wp","href":"https:\/\/api.w.org\/{rel}","templated":true}]}}